
{"id":27129,"date":"2025-08-07T16:06:46","date_gmt":"2025-08-07T14:06:46","guid":{"rendered":"https:\/\/hiptown.com\/landing-page\/landing-page-multisite-paris-idfversion-b\/"},"modified":"2025-08-07T16:06:46","modified_gmt":"2025-08-07T14:06:46","slug":"landing-page-multisite-paris-idfversion-b","status":"publish","type":"page","link":"https:\/\/hiptown.com\/en\/landing-page\/landing-page-multisite-paris-idfversion-b\/","title":{"rendered":"Landing page &#8211; Multisite Paris &amp; IDF(Version b)"},"content":{"rendered":"","protected":false},"excerpt":{"rendered":"","protected":false},"author":3183,"featured_media":26961,"parent":26886,"menu_order":0,"comment_status":"closed","ping_status":"closed","template":"","meta":{"_acf_changed":false,"footnotes":""},"class_list":["post-27129","page","type-page","status-publish","has-post-thumbnail","hentry"],"acf":[],"yoast_head":"<!-- This site is optimized with the Yoast SEO plugin v27.4 - https:\/\/yoast.com\/product\/yoast-seo-wordpress\/ -->\n<title>Offices for rent Paris - Hiptown<\/title>\n<meta name=\"description\" content=\"Rent your offices in Paris in 48 hours with Hiptown. Flexible, furnished, no-obligation space. Perfect for SMEs and freelancers. Visit us now.\" \/>\n<meta name=\"robots\" content=\"noindex, follow\" \/>\n<meta property=\"og:locale\" content=\"en_US\" \/>\n<meta property=\"og:type\" content=\"article\" \/>\n<meta property=\"og:title\" content=\"Landing page - Multisite Paris &amp; IDF(Version b) - Hiptown Bureaux \u00e0 Louer\" \/>\n<meta property=\"og:description\" content=\"text for marseille......\" \/>\n<meta property=\"og:url\" content=\"https:\/\/hiptown.com\/en\/landing-page\/landing-page-multisite-paris-idfversion-b\/\" \/>\n<meta property=\"og:site_name\" content=\"Hiptown Bureaux \u00e0 Louer\" \/>\n<meta property=\"article:publisher\" content=\"https:\/\/www.facebook.com\/hiptownlovesyou\/\" \/>\n<meta property=\"og:image\" content=\"https:\/\/hiptown.com\/wp-content\/uploads\/sites\/6\/2025\/06\/Multisite-Marseille-1024x683.png\" \/>\n<meta name=\"twitter:card\" content=\"summary_large_image\" \/>\n<meta name=\"twitter:title\" content=\"Landing page - Multisite Paris &amp; IDF(Version b) - Hiptown Bureaux \u00e0 Louer\" \/>\n<meta name=\"twitter:description\" content=\"Your own secure space for 1 to 20 people. Access to Hiptown services and share all common areas: lounge, meeting room, etc.\" \/>\n<meta name=\"twitter:image\" content=\"https:\/\/hiptown.com\/wp-content\/uploads\/sites\/6\/2023\/07\/Hiptown-offre-_-Bureaux-fermes-RS-1024x576.jpg\" \/>\n<meta name=\"twitter:site\" content=\"@hiptownlovesyou\" \/>\n<script type=\"application\/ld+json\" class=\"yoast-schema-graph\">{\"@context\":\"https:\\\/\\\/schema.org\",\"@graph\":[{\"@type\":\"WebPage\",\"@id\":\"https:\\\/\\\/hiptown.com\\\/en\\\/landing-page\\\/landing-page-multisite-paris-idfversion-b\\\/\",\"url\":\"https:\\\/\\\/hiptown.com\\\/en\\\/landing-page\\\/landing-page-multisite-paris-idfversion-b\\\/\",\"name\":\"Offices for rent Paris - Hiptown\",\"isPartOf\":{\"@id\":\"https:\\\/\\\/hiptown.com\\\/en\\\/#website\"},\"primaryImageOfPage\":{\"@id\":\"https:\\\/\\\/hiptown.com\\\/en\\\/landing-page\\\/landing-page-multisite-paris-idfversion-b\\\/#primaryimage\"},\"image\":{\"@id\":\"https:\\\/\\\/hiptown.com\\\/en\\\/landing-page\\\/landing-page-multisite-paris-idfversion-b\\\/#primaryimage\"},\"thumbnailUrl\":\"https:\\\/\\\/hiptown.com\\\/wp-content\\\/uploads\\\/sites\\\/6\\\/2025\\\/08\\\/Rue-Feydeau_-32.jpg\",\"datePublished\":\"2025-08-07T14:06:46+00:00\",\"description\":\"Rent your offices in Paris in 48 hours with Hiptown. Flexible, furnished, no-obligation space. Perfect for SMEs and freelancers. Visit us now.\",\"breadcrumb\":{\"@id\":\"https:\\\/\\\/hiptown.com\\\/en\\\/landing-page\\\/landing-page-multisite-paris-idfversion-b\\\/#breadcrumb\"},\"inLanguage\":\"en-US\",\"potentialAction\":[{\"@type\":\"ReadAction\",\"target\":[\"https:\\\/\\\/hiptown.com\\\/en\\\/landing-page\\\/landing-page-multisite-paris-idfversion-b\\\/\"]}]},{\"@type\":\"ImageObject\",\"inLanguage\":\"en-US\",\"@id\":\"https:\\\/\\\/hiptown.com\\\/en\\\/landing-page\\\/landing-page-multisite-paris-idfversion-b\\\/#primaryimage\",\"url\":\"https:\\\/\\\/hiptown.com\\\/wp-content\\\/uploads\\\/sites\\\/6\\\/2025\\\/08\\\/Rue-Feydeau_-32.jpg\",\"contentUrl\":\"https:\\\/\\\/hiptown.com\\\/wp-content\\\/uploads\\\/sites\\\/6\\\/2025\\\/08\\\/Rue-Feydeau_-32.jpg\",\"width\":2475,\"height\":1650},{\"@type\":\"BreadcrumbList\",\"@id\":\"https:\\\/\\\/hiptown.com\\\/en\\\/landing-page\\\/landing-page-multisite-paris-idfversion-b\\\/#breadcrumb\",\"itemListElement\":[{\"@type\":\"ListItem\",\"position\":1,\"name\":\"Home\",\"item\":\"https:\\\/\\\/hiptown.com\\\/en\\\/\"},{\"@type\":\"ListItem\",\"position\":2,\"name\":\"Landing page\",\"item\":\"https:\\\/\\\/hiptown.com\\\/en\\\/landing-page\\\/\"},{\"@type\":\"ListItem\",\"position\":3,\"name\":\"Landing page &#8211; Multisite Paris &amp; IDF(Version b)\"}]},{\"@type\":\"WebSite\",\"@id\":\"https:\\\/\\\/hiptown.com\\\/en\\\/#website\",\"url\":\"https:\\\/\\\/hiptown.com\\\/en\\\/\",\"name\":\"Hiptown Coworking et bureau flexibles et op\u00e9r\u00e9\",\"description\":\"Coworking, Bureaux flexibles et op\u00e9r\u00e9s cl\u00e9 en main. Partout en France.\",\"publisher\":{\"@id\":\"https:\\\/\\\/hiptown.com\\\/en\\\/#organization\"},\"alternateName\":\"Hiptown bureaux \u00e0 louer\",\"potentialAction\":[{\"@type\":\"SearchAction\",\"target\":{\"@type\":\"EntryPoint\",\"urlTemplate\":\"https:\\\/\\\/hiptown.com\\\/en\\\/?s={search_term_string}\"},\"query-input\":{\"@type\":\"PropertyValueSpecification\",\"valueRequired\":true,\"valueName\":\"search_term_string\"}}],\"inLanguage\":\"en-US\"},{\"@type\":\"Organization\",\"@id\":\"https:\\\/\\\/hiptown.com\\\/en\\\/#organization\",\"name\":\"Hiptown Coworking et bureau \u00e0 louer ou op\u00e9r\u00e9\",\"alternateName\":\"Hiptown bureaux \u00e0 louer\",\"url\":\"https:\\\/\\\/hiptown.com\\\/en\\\/\",\"logo\":{\"@type\":\"ImageObject\",\"inLanguage\":\"en-US\",\"@id\":\"https:\\\/\\\/hiptown.com\\\/en\\\/#\\\/schema\\\/logo\\\/image\\\/\",\"url\":\"https:\\\/\\\/hiptown.com\\\/wp-content\\\/uploads\\\/sites\\\/6\\\/2022\\\/07\\\/hiptown_logo-xs.svg\",\"contentUrl\":\"https:\\\/\\\/hiptown.com\\\/wp-content\\\/uploads\\\/sites\\\/6\\\/2022\\\/07\\\/hiptown_logo-xs.svg\",\"width\":98,\"height\":75,\"caption\":\"Hiptown Coworking et bureau \u00e0 louer ou op\u00e9r\u00e9\"},\"image\":{\"@id\":\"https:\\\/\\\/hiptown.com\\\/en\\\/#\\\/schema\\\/logo\\\/image\\\/\"},\"sameAs\":[\"https:\\\/\\\/www.facebook.com\\\/hiptownlovesyou\\\/\",\"https:\\\/\\\/x.com\\\/hiptownlovesyou\",\"https:\\\/\\\/www.instagram.com\\\/hiptownlovesyou\\\/\",\"https:\\\/\\\/fr.linkedin.com\\\/company\\\/hiptown\",\"https:\\\/\\\/www.youtube.com\\\/channel\\\/UCNtbRT8HkE3s0F0AMaxX9VQ\"]}]}<\/script>\n<!-- \/ Yoast SEO plugin. -->","yoast_head_json":{"title":"Offices for rent Paris - Hiptown","description":"Rent your offices in Paris in 48 hours with Hiptown. Flexible, furnished, no-obligation space. Perfect for SMEs and freelancers. Visit us now.","robots":{"index":"noindex","follow":"follow"},"og_locale":"en_US","og_type":"article","og_title":"Landing page - Multisite Paris &amp; IDF(Version b) - Hiptown Bureaux \u00e0 Louer","og_description":"text for marseille......","og_url":"https:\/\/hiptown.com\/en\/landing-page\/landing-page-multisite-paris-idfversion-b\/","og_site_name":"Hiptown Bureaux \u00e0 Louer","article_publisher":"https:\/\/www.facebook.com\/hiptownlovesyou\/","og_image":[{"url":"https:\/\/hiptown.com\/wp-content\/uploads\/sites\/6\/2025\/06\/Multisite-Marseille-1024x683.png","type":"","width":"","height":""}],"twitter_card":"summary_large_image","twitter_title":"Landing page - Multisite Paris &amp; IDF(Version b) - Hiptown Bureaux \u00e0 Louer","twitter_description":"Your own secure space for 1 to 20 people. Access to Hiptown services and share all common areas: lounge, meeting room, etc.","twitter_image":"https:\/\/hiptown.com\/wp-content\/uploads\/sites\/6\/2023\/07\/Hiptown-offre-_-Bureaux-fermes-RS-1024x576.jpg","twitter_site":"@hiptownlovesyou","schema":{"@context":"https:\/\/schema.org","@graph":[{"@type":"WebPage","@id":"https:\/\/hiptown.com\/en\/landing-page\/landing-page-multisite-paris-idfversion-b\/","url":"https:\/\/hiptown.com\/en\/landing-page\/landing-page-multisite-paris-idfversion-b\/","name":"Offices for rent Paris - Hiptown","isPartOf":{"@id":"https:\/\/hiptown.com\/en\/#website"},"primaryImageOfPage":{"@id":"https:\/\/hiptown.com\/en\/landing-page\/landing-page-multisite-paris-idfversion-b\/#primaryimage"},"image":{"@id":"https:\/\/hiptown.com\/en\/landing-page\/landing-page-multisite-paris-idfversion-b\/#primaryimage"},"thumbnailUrl":"https:\/\/hiptown.com\/wp-content\/uploads\/sites\/6\/2025\/08\/Rue-Feydeau_-32.jpg","datePublished":"2025-08-07T14:06:46+00:00","description":"Rent your offices in Paris in 48 hours with Hiptown. Flexible, furnished, no-obligation space. Perfect for SMEs and freelancers. Visit us now.","breadcrumb":{"@id":"https:\/\/hiptown.com\/en\/landing-page\/landing-page-multisite-paris-idfversion-b\/#breadcrumb"},"inLanguage":"en-US","potentialAction":[{"@type":"ReadAction","target":["https:\/\/hiptown.com\/en\/landing-page\/landing-page-multisite-paris-idfversion-b\/"]}]},{"@type":"ImageObject","inLanguage":"en-US","@id":"https:\/\/hiptown.com\/en\/landing-page\/landing-page-multisite-paris-idfversion-b\/#primaryimage","url":"https:\/\/hiptown.com\/wp-content\/uploads\/sites\/6\/2025\/08\/Rue-Feydeau_-32.jpg","contentUrl":"https:\/\/hiptown.com\/wp-content\/uploads\/sites\/6\/2025\/08\/Rue-Feydeau_-32.jpg","width":2475,"height":1650},{"@type":"BreadcrumbList","@id":"https:\/\/hiptown.com\/en\/landing-page\/landing-page-multisite-paris-idfversion-b\/#breadcrumb","itemListElement":[{"@type":"ListItem","position":1,"name":"Home","item":"https:\/\/hiptown.com\/en\/"},{"@type":"ListItem","position":2,"name":"Landing page","item":"https:\/\/hiptown.com\/en\/landing-page\/"},{"@type":"ListItem","position":3,"name":"Landing page &#8211; Multisite Paris &amp; IDF(Version b)"}]},{"@type":"WebSite","@id":"https:\/\/hiptown.com\/en\/#website","url":"https:\/\/hiptown.com\/en\/","name":"Hiptown Coworking et bureau flexibles et op\u00e9r\u00e9","description":"Coworking, Bureaux flexibles et op\u00e9r\u00e9s cl\u00e9 en main. Partout en France.","publisher":{"@id":"https:\/\/hiptown.com\/en\/#organization"},"alternateName":"Hiptown bureaux \u00e0 louer","potentialAction":[{"@type":"SearchAction","target":{"@type":"EntryPoint","urlTemplate":"https:\/\/hiptown.com\/en\/?s={search_term_string}"},"query-input":{"@type":"PropertyValueSpecification","valueRequired":true,"valueName":"search_term_string"}}],"inLanguage":"en-US"},{"@type":"Organization","@id":"https:\/\/hiptown.com\/en\/#organization","name":"Hiptown Coworking et bureau \u00e0 louer ou op\u00e9r\u00e9","alternateName":"Hiptown bureaux \u00e0 louer","url":"https:\/\/hiptown.com\/en\/","logo":{"@type":"ImageObject","inLanguage":"en-US","@id":"https:\/\/hiptown.com\/en\/#\/schema\/logo\/image\/","url":"https:\/\/hiptown.com\/wp-content\/uploads\/sites\/6\/2022\/07\/hiptown_logo-xs.svg","contentUrl":"https:\/\/hiptown.com\/wp-content\/uploads\/sites\/6\/2022\/07\/hiptown_logo-xs.svg","width":98,"height":75,"caption":"Hiptown Coworking et bureau \u00e0 louer ou op\u00e9r\u00e9"},"image":{"@id":"https:\/\/hiptown.com\/en\/#\/schema\/logo\/image\/"},"sameAs":["https:\/\/www.facebook.com\/hiptownlovesyou\/","https:\/\/x.com\/hiptownlovesyou","https:\/\/www.instagram.com\/hiptownlovesyou\/","https:\/\/fr.linkedin.com\/company\/hiptown","https:\/\/www.youtube.com\/channel\/UCNtbRT8HkE3s0F0AMaxX9VQ"]}]}},"_links":{"self":[{"href":"https:\/\/hiptown.com\/en\/wp-json\/wp\/v2\/pages\/27129","targetHints":{"allow":["GET"]}}],"collection":[{"href":"https:\/\/hiptown.com\/en\/wp-json\/wp\/v2\/pages"}],"about":[{"href":"https:\/\/hiptown.com\/en\/wp-json\/wp\/v2\/types\/page"}],"author":[{"embeddable":true,"href":"https:\/\/hiptown.com\/en\/wp-json\/wp\/v2\/users\/3183"}],"replies":[{"embeddable":true,"href":"https:\/\/hiptown.com\/en\/wp-json\/wp\/v2\/comments?post=27129"}],"version-history":[{"count":0,"href":"https:\/\/hiptown.com\/en\/wp-json\/wp\/v2\/pages\/27129\/revisions"}],"up":[{"embeddable":true,"href":"https:\/\/hiptown.com\/en\/wp-json\/wp\/v2\/pages\/26886"}],"wp:featuredmedia":[{"embeddable":true,"href":"https:\/\/hiptown.com\/en\/wp-json\/wp\/v2\/media\/26961"}],"wp:attachment":[{"href":"https:\/\/hiptown.com\/en\/wp-json\/wp\/v2\/media?parent=27129"}],"curies":[{"name":"wp","href":"https:\/\/api.w.org\/{rel}","templated":true}]}}