
{"id":27306,"date":"2022-08-03T13:39:22","date_gmt":"2022-08-03T11:39:22","guid":{"rendered":"https:\/\/hiptown.com\/appendix-legal\/credit\/"},"modified":"2025-10-17T11:45:19","modified_gmt":"2025-10-17T09:45:19","slug":"credit","status":"publish","type":"page","link":"https:\/\/hiptown.com\/en\/appendix-legal\/credit\/","title":{"rendered":"Credit"},"content":{"rendered":"<div class=\"fusion-fullwidth fullwidth-box fusion-builder-row-1 fusion-flex-container has-pattern-background has-mask-background nonhundred-percent-fullwidth non-hundred-percent-height-scrolling\" style=\"--awb-border-radius-top-left:0px;--awb-border-radius-top-right:0px;--awb-border-radius-bottom-right:0px;--awb-border-radius-bottom-left:0px;--awb-padding-top:5%;--awb-background-color:var(--awb-custom_color_2);--awb-flex-wrap:wrap;\" ><div class=\"fusion-builder-row fusion-row fusion-flex-align-items-flex-start fusion-flex-justify-content-center fusion-flex-content-wrap\" style=\"max-width:1372.8px;margin-left: calc(-4% \/ 2 );margin-right: calc(-4% \/ 2 );\"><div class=\"fusion-layout-column fusion_builder_column fusion-builder-column-0 fusion_builder_column_3_4 3_4 fusion-flex-column\" style=\"--awb-bg-size:cover;--awb-width-large:75%;--awb-margin-top-large:20px;--awb-spacing-right-large:2.56%;--awb-margin-bottom-large:20px;--awb-spacing-left-large:2.56%;--awb-width-medium:75%;--awb-order-medium:0;--awb-spacing-right-medium:2.56%;--awb-spacing-left-medium:2.56%;--awb-width-small:100%;--awb-order-small:0;--awb-spacing-right-small:1.92%;--awb-spacing-left-small:1.92%;\"><div class=\"fusion-column-wrapper fusion-column-has-shadow fusion-flex-justify-content-flex-start fusion-content-layout-column\"><div class=\"fusion-text fusion-text-1 breadcrumb-list\"><p><span><span><a href=\"https:\/\/hiptown.com\/en\/\">Home<\/a><\/span><\/span><\/p>\n<\/div>\n<\/div><\/div><div class=\"fusion-layout-column fusion_builder_column fusion-builder-column-1 fusion_builder_column_3_4 3_4 fusion-flex-column\" style=\"--awb-bg-size:cover;--awb-width-large:75%;--awb-margin-top-large:20px;--awb-spacing-right-large:2.56%;--awb-margin-bottom-large:20px;--awb-spacing-left-large:2.56%;--awb-width-medium:75%;--awb-order-medium:0;--awb-spacing-right-medium:2.56%;--awb-spacing-left-medium:2.56%;--awb-width-small:100%;--awb-order-small:0;--awb-spacing-right-small:1.92%;--awb-spacing-left-small:1.92%;\"><div class=\"fusion-column-wrapper fusion-column-has-shadow fusion-flex-justify-content-flex-start fusion-content-layout-column\"><div class=\"fusion-title title fusion-title-1 fusion-sep-none fusion-title-text fusion-title-size-one\" style=\"--awb-text-color:var(--awb-color8);--awb-margin-top-small:12px;--awb-margin-right-small:0px;--awb-margin-bottom-small:24px;--awb-margin-left-small:0px;--awb-font-size:40px;\"><h1 class=\"fusion-title-heading title-heading-left fusion-responsive-typography-calculated\" style=\"font-family:var(--awb-custom_typography_5-font-family);font-weight:var(--awb-custom_typography_5-font-weight);font-style:var(--awb-custom_typography_5-font-style);margin:0;letter-spacing:var(--awb-custom_typography_5-letter-spacing);font-size:1em;--fontSize:40;line-height:var(--awb-custom_typography_5-line-height);\">Credits<\/h1><\/div><div class=\"fusion-text fusion-text-2\"><p><strong>Publication manager:<\/strong><br \/>\nLudovic C\u00e9l\u00e9rier<\/p>\n<p><strong>Publisher:<\/strong><br \/>\nThe Hiptown website is the property of HIPTOWN BUREAUX FLEXIBLES, a soci\u00e9t\u00e9 par actions simplifi\u00e9e (SAS) with share capital of 44,494 euros, registered with the Paris Trade and Companies Registry under number 853 953 735, headquartered at 67 RUE ARAGO CS 70058, 93585 SAINT-OUEN CEDEX, France.<\/p>\n<p><strong>Steering, editing and coordination:<\/strong><br \/>\nLudovic C\u00e9l\u00e9rier \/ Windorah<\/p>\n<p><strong>Conception, design and development of the site :<\/strong><br \/>\n<a href=\"http:\/\/www.virginie-bois.com\/\" target=\"_blank\" rel=\"noopener\">Virginie Bois<\/a>, Nicolas Laustriat<a href=\"https:\/\/www.business-ereputation.com\/\" target=\"_blank\" rel=\"noopener\">(Google expert<\/a>) from<a href=\"https:\/\/www.poleetic.com\/nos-expertises\/agence-seo-versailles-paris\/\" target=\"_blank\" rel=\"noopener\">Versailles SEO agency Poleetic<\/a><\/p>\n<p><strong>Hosting:<\/strong><br \/>\nOVH<br \/>\nRCS Lille M\u00e9tropole 424 761 419 00045<br \/>\nHead office: 2 rue Kellermann &#8211; 59100 Roubaix &#8211; France<\/p>\n<p><strong>Photo credits:<\/strong><br \/>\nPhototh\u00e8que Hiptown; Samba-Jorth\u00e8ne Sonde<\/p>\n<p><strong>Illustrations:<\/strong><br \/>\nVirginie Bois<\/p>\n<p>If you are the author of a photograph on the site that has not been credited, or that does not comply with image rights and\/or copyright legislation, you have the right to request that the publication be withdrawn and\/or brought into compliance.<\/p>\n<p>Management can be reached at lc@hiptown.com<\/p>\n<\/div><\/div><\/div><\/div><\/div>\n","protected":false},"excerpt":{"rendered":"","protected":false},"author":1,"featured_media":0,"parent":26786,"menu_order":0,"comment_status":"closed","ping_status":"closed","template":"","meta":{"_acf_changed":false,"footnotes":""},"class_list":["post-27306","page","type-page","status-publish","hentry"],"acf":[],"yoast_head":"<!-- This site is optimized with the Yoast SEO plugin v27.4 - https:\/\/yoast.com\/product\/yoast-seo-wordpress\/ -->\n<title>Credit - Hiptown Bureaux \u00e0 Louer<\/title>\n<meta name=\"description\" content=\"Read the legal information about credits at Hiptown. Find out about the credits and rights associated with our content.\" \/>\n<meta name=\"robots\" content=\"index, follow, max-snippet:-1, max-image-preview:large, max-video-preview:-1\" \/>\n<link rel=\"canonical\" href=\"https:\/\/hiptown.com\/en\/appendix-legal\/credit\/\" \/>\n<meta property=\"og:locale\" content=\"en_US\" \/>\n<meta property=\"og:type\" content=\"article\" \/>\n<meta property=\"og:title\" content=\"Credit - Hiptown Bureaux \u00e0 Louer\" \/>\n<meta property=\"og:description\" content=\"Read the legal information about credits at Hiptown. Find out about the credits and rights associated with our content.\" \/>\n<meta property=\"og:url\" content=\"https:\/\/hiptown.com\/en\/appendix-legal\/credit\/\" \/>\n<meta property=\"og:site_name\" content=\"Hiptown Bureaux \u00e0 Louer\" \/>\n<meta property=\"article:publisher\" content=\"https:\/\/www.facebook.com\/hiptownlovesyou\/\" \/>\n<meta property=\"article:modified_time\" content=\"2025-10-17T09:45:19+00:00\" \/>\n<meta property=\"og:image\" content=\"https:\/\/hiptown.com\/wp-content\/uploads\/sites\/6\/2023\/09\/Hiptown-Location-de-bureaux.jpg\" \/>\n\t<meta property=\"og:image:width\" content=\"1200\" \/>\n\t<meta property=\"og:image:height\" content=\"675\" \/>\n\t<meta property=\"og:image:type\" content=\"image\/jpeg\" \/>\n<meta name=\"twitter:card\" content=\"summary_large_image\" \/>\n<meta name=\"twitter:site\" content=\"@hiptownlovesyou\" \/>\n<meta name=\"twitter:label1\" content=\"Est. reading time\" \/>\n\t<meta name=\"twitter:data1\" content=\"5 minutes\" \/>\n<script type=\"application\/ld+json\" class=\"yoast-schema-graph\">{\"@context\":\"https:\\\/\\\/schema.org\",\"@graph\":[{\"@type\":\"WebPage\",\"@id\":\"https:\\\/\\\/hiptown.com\\\/en\\\/appendix-legal\\\/credit\\\/\",\"url\":\"https:\\\/\\\/hiptown.com\\\/en\\\/appendix-legal\\\/credit\\\/\",\"name\":\"Credit - Hiptown Bureaux \u00e0 Louer\",\"isPartOf\":{\"@id\":\"https:\\\/\\\/hiptown.com\\\/en\\\/#website\"},\"datePublished\":\"2022-08-03T11:39:22+00:00\",\"dateModified\":\"2025-10-17T09:45:19+00:00\",\"description\":\"Read the legal information about credits at Hiptown. Find out about the credits and rights associated with our content.\",\"breadcrumb\":{\"@id\":\"https:\\\/\\\/hiptown.com\\\/en\\\/appendix-legal\\\/credit\\\/#breadcrumb\"},\"inLanguage\":\"en-US\",\"potentialAction\":[{\"@type\":\"ReadAction\",\"target\":[\"https:\\\/\\\/hiptown.com\\\/en\\\/appendix-legal\\\/credit\\\/\"]}]},{\"@type\":\"BreadcrumbList\",\"@id\":\"https:\\\/\\\/hiptown.com\\\/en\\\/appendix-legal\\\/credit\\\/#breadcrumb\",\"itemListElement\":[{\"@type\":\"ListItem\",\"position\":1,\"name\":\"Home\",\"item\":\"https:\\\/\\\/hiptown.com\\\/en\\\/\"},{\"@type\":\"ListItem\",\"position\":2,\"name\":\"Appendix \\\/ Legal\",\"item\":\"https:\\\/\\\/hiptown.com\\\/en\\\/appendix-legal\\\/\"},{\"@type\":\"ListItem\",\"position\":3,\"name\":\"Credit\"}]},{\"@type\":\"WebSite\",\"@id\":\"https:\\\/\\\/hiptown.com\\\/en\\\/#website\",\"url\":\"https:\\\/\\\/hiptown.com\\\/en\\\/\",\"name\":\"Hiptown Coworking et bureau flexibles et op\u00e9r\u00e9\",\"description\":\"Coworking, Bureaux flexibles et op\u00e9r\u00e9s cl\u00e9 en main. Partout en France.\",\"publisher\":{\"@id\":\"https:\\\/\\\/hiptown.com\\\/en\\\/#organization\"},\"alternateName\":\"Hiptown bureaux \u00e0 louer\",\"potentialAction\":[{\"@type\":\"SearchAction\",\"target\":{\"@type\":\"EntryPoint\",\"urlTemplate\":\"https:\\\/\\\/hiptown.com\\\/en\\\/?s={search_term_string}\"},\"query-input\":{\"@type\":\"PropertyValueSpecification\",\"valueRequired\":true,\"valueName\":\"search_term_string\"}}],\"inLanguage\":\"en-US\"},{\"@type\":\"Organization\",\"@id\":\"https:\\\/\\\/hiptown.com\\\/en\\\/#organization\",\"name\":\"Hiptown Coworking et bureau \u00e0 louer ou op\u00e9r\u00e9\",\"alternateName\":\"Hiptown bureaux \u00e0 louer\",\"url\":\"https:\\\/\\\/hiptown.com\\\/en\\\/\",\"logo\":{\"@type\":\"ImageObject\",\"inLanguage\":\"en-US\",\"@id\":\"https:\\\/\\\/hiptown.com\\\/en\\\/#\\\/schema\\\/logo\\\/image\\\/\",\"url\":\"https:\\\/\\\/hiptown.com\\\/wp-content\\\/uploads\\\/sites\\\/6\\\/2022\\\/07\\\/hiptown_logo-xs.svg\",\"contentUrl\":\"https:\\\/\\\/hiptown.com\\\/wp-content\\\/uploads\\\/sites\\\/6\\\/2022\\\/07\\\/hiptown_logo-xs.svg\",\"width\":98,\"height\":75,\"caption\":\"Hiptown Coworking et bureau \u00e0 louer ou op\u00e9r\u00e9\"},\"image\":{\"@id\":\"https:\\\/\\\/hiptown.com\\\/en\\\/#\\\/schema\\\/logo\\\/image\\\/\"},\"sameAs\":[\"https:\\\/\\\/www.facebook.com\\\/hiptownlovesyou\\\/\",\"https:\\\/\\\/x.com\\\/hiptownlovesyou\",\"https:\\\/\\\/www.instagram.com\\\/hiptownlovesyou\\\/\",\"https:\\\/\\\/fr.linkedin.com\\\/company\\\/hiptown\",\"https:\\\/\\\/www.youtube.com\\\/channel\\\/UCNtbRT8HkE3s0F0AMaxX9VQ\"]}]}<\/script>\n<!-- \/ Yoast SEO plugin. -->","yoast_head_json":{"title":"Credit - Hiptown Bureaux \u00e0 Louer","description":"Read the legal information about credits at Hiptown. Find out about the credits and rights associated with our content.","robots":{"index":"index","follow":"follow","max-snippet":"max-snippet:-1","max-image-preview":"max-image-preview:large","max-video-preview":"max-video-preview:-1"},"canonical":"https:\/\/hiptown.com\/en\/appendix-legal\/credit\/","og_locale":"en_US","og_type":"article","og_title":"Credit - Hiptown Bureaux \u00e0 Louer","og_description":"Read the legal information about credits at Hiptown. Find out about the credits and rights associated with our content.","og_url":"https:\/\/hiptown.com\/en\/appendix-legal\/credit\/","og_site_name":"Hiptown Bureaux \u00e0 Louer","article_publisher":"https:\/\/www.facebook.com\/hiptownlovesyou\/","article_modified_time":"2025-10-17T09:45:19+00:00","og_image":[{"width":1200,"height":675,"url":"https:\/\/hiptown.com\/wp-content\/uploads\/sites\/6\/2023\/09\/Hiptown-Location-de-bureaux.jpg","type":"image\/jpeg"}],"twitter_card":"summary_large_image","twitter_site":"@hiptownlovesyou","twitter_misc":{"Est. reading time":"5 minutes"},"schema":{"@context":"https:\/\/schema.org","@graph":[{"@type":"WebPage","@id":"https:\/\/hiptown.com\/en\/appendix-legal\/credit\/","url":"https:\/\/hiptown.com\/en\/appendix-legal\/credit\/","name":"Credit - Hiptown Bureaux \u00e0 Louer","isPartOf":{"@id":"https:\/\/hiptown.com\/en\/#website"},"datePublished":"2022-08-03T11:39:22+00:00","dateModified":"2025-10-17T09:45:19+00:00","description":"Read the legal information about credits at Hiptown. Find out about the credits and rights associated with our content.","breadcrumb":{"@id":"https:\/\/hiptown.com\/en\/appendix-legal\/credit\/#breadcrumb"},"inLanguage":"en-US","potentialAction":[{"@type":"ReadAction","target":["https:\/\/hiptown.com\/en\/appendix-legal\/credit\/"]}]},{"@type":"BreadcrumbList","@id":"https:\/\/hiptown.com\/en\/appendix-legal\/credit\/#breadcrumb","itemListElement":[{"@type":"ListItem","position":1,"name":"Home","item":"https:\/\/hiptown.com\/en\/"},{"@type":"ListItem","position":2,"name":"Appendix \/ Legal","item":"https:\/\/hiptown.com\/en\/appendix-legal\/"},{"@type":"ListItem","position":3,"name":"Credit"}]},{"@type":"WebSite","@id":"https:\/\/hiptown.com\/en\/#website","url":"https:\/\/hiptown.com\/en\/","name":"Hiptown Coworking et bureau flexibles et op\u00e9r\u00e9","description":"Coworking, Bureaux flexibles et op\u00e9r\u00e9s cl\u00e9 en main. Partout en France.","publisher":{"@id":"https:\/\/hiptown.com\/en\/#organization"},"alternateName":"Hiptown bureaux \u00e0 louer","potentialAction":[{"@type":"SearchAction","target":{"@type":"EntryPoint","urlTemplate":"https:\/\/hiptown.com\/en\/?s={search_term_string}"},"query-input":{"@type":"PropertyValueSpecification","valueRequired":true,"valueName":"search_term_string"}}],"inLanguage":"en-US"},{"@type":"Organization","@id":"https:\/\/hiptown.com\/en\/#organization","name":"Hiptown Coworking et bureau \u00e0 louer ou op\u00e9r\u00e9","alternateName":"Hiptown bureaux \u00e0 louer","url":"https:\/\/hiptown.com\/en\/","logo":{"@type":"ImageObject","inLanguage":"en-US","@id":"https:\/\/hiptown.com\/en\/#\/schema\/logo\/image\/","url":"https:\/\/hiptown.com\/wp-content\/uploads\/sites\/6\/2022\/07\/hiptown_logo-xs.svg","contentUrl":"https:\/\/hiptown.com\/wp-content\/uploads\/sites\/6\/2022\/07\/hiptown_logo-xs.svg","width":98,"height":75,"caption":"Hiptown Coworking et bureau \u00e0 louer ou op\u00e9r\u00e9"},"image":{"@id":"https:\/\/hiptown.com\/en\/#\/schema\/logo\/image\/"},"sameAs":["https:\/\/www.facebook.com\/hiptownlovesyou\/","https:\/\/x.com\/hiptownlovesyou","https:\/\/www.instagram.com\/hiptownlovesyou\/","https:\/\/fr.linkedin.com\/company\/hiptown","https:\/\/www.youtube.com\/channel\/UCNtbRT8HkE3s0F0AMaxX9VQ"]}]}},"_links":{"self":[{"href":"https:\/\/hiptown.com\/en\/wp-json\/wp\/v2\/pages\/27306","targetHints":{"allow":["GET"]}}],"collection":[{"href":"https:\/\/hiptown.com\/en\/wp-json\/wp\/v2\/pages"}],"about":[{"href":"https:\/\/hiptown.com\/en\/wp-json\/wp\/v2\/types\/page"}],"author":[{"embeddable":true,"href":"https:\/\/hiptown.com\/en\/wp-json\/wp\/v2\/users\/1"}],"replies":[{"embeddable":true,"href":"https:\/\/hiptown.com\/en\/wp-json\/wp\/v2\/comments?post=27306"}],"version-history":[{"count":4,"href":"https:\/\/hiptown.com\/en\/wp-json\/wp\/v2\/pages\/27306\/revisions"}],"predecessor-version":[{"id":27311,"href":"https:\/\/hiptown.com\/en\/wp-json\/wp\/v2\/pages\/27306\/revisions\/27311"}],"up":[{"embeddable":true,"href":"https:\/\/hiptown.com\/en\/wp-json\/wp\/v2\/pages\/26786"}],"wp:attachment":[{"href":"https:\/\/hiptown.com\/en\/wp-json\/wp\/v2\/media?parent=27306"}],"curies":[{"name":"wp","href":"https:\/\/api.w.org\/{rel}","templated":true}]}}