
{"id":27319,"date":"2022-08-03T13:42:27","date_gmt":"2022-08-03T11:42:27","guid":{"rendered":"https:\/\/hiptown.com\/appendix-legal\/cookie-policy\/"},"modified":"2025-10-17T11:45:59","modified_gmt":"2025-10-17T09:45:59","slug":"cookie-policy","status":"publish","type":"page","link":"https:\/\/hiptown.com\/en\/appendix-legal\/cookie-policy\/","title":{"rendered":"Cookie Policy"},"content":{"rendered":"<div class=\"fusion-fullwidth fullwidth-box fusion-builder-row-1 fusion-flex-container has-pattern-background has-mask-background nonhundred-percent-fullwidth non-hundred-percent-height-scrolling\" style=\"--awb-border-radius-top-left:0px;--awb-border-radius-top-right:0px;--awb-border-radius-bottom-right:0px;--awb-border-radius-bottom-left:0px;--awb-padding-top:4%;--awb-background-color:var(--awb-custom_color_2);--awb-flex-wrap:wrap;\" ><div class=\"fusion-builder-row fusion-row fusion-flex-align-items-flex-start fusion-flex-justify-content-center fusion-flex-content-wrap\" style=\"max-width:1372.8px;margin-left: calc(-4% \/ 2 );margin-right: calc(-4% \/ 2 );\"><div class=\"fusion-layout-column fusion_builder_column fusion-builder-column-0 fusion_builder_column_3_4 3_4 fusion-flex-column\" style=\"--awb-bg-size:cover;--awb-width-large:75%;--awb-margin-top-large:20px;--awb-spacing-right-large:2.56%;--awb-margin-bottom-large:20px;--awb-spacing-left-large:2.56%;--awb-width-medium:75%;--awb-order-medium:0;--awb-spacing-right-medium:2.56%;--awb-spacing-left-medium:2.56%;--awb-width-small:100%;--awb-order-small:0;--awb-spacing-right-small:1.92%;--awb-spacing-left-small:1.92%;\"><div class=\"fusion-column-wrapper fusion-column-has-shadow fusion-flex-justify-content-flex-start fusion-content-layout-column\"><div class=\"fusion-text fusion-text-1 breadcrumb-list\"><p><span><span><a href=\"https:\/\/hiptown.com\/en\/\">Home<\/a><\/span><\/span><\/p>\n<\/div>\n<\/div><\/div><div class=\"fusion-layout-column fusion_builder_column fusion-builder-column-1 fusion_builder_column_3_4 3_4 fusion-flex-column\" style=\"--awb-bg-size:cover;--awb-width-large:75%;--awb-margin-top-large:20px;--awb-spacing-right-large:2.56%;--awb-margin-bottom-large:20px;--awb-spacing-left-large:2.56%;--awb-width-medium:75%;--awb-order-medium:0;--awb-spacing-right-medium:2.56%;--awb-spacing-left-medium:2.56%;--awb-width-small:100%;--awb-order-small:0;--awb-spacing-right-small:1.92%;--awb-spacing-left-small:1.92%;\"><div class=\"fusion-column-wrapper fusion-column-has-shadow fusion-flex-justify-content-flex-start fusion-content-layout-column\"><div class=\"fusion-title title fusion-title-1 fusion-sep-none fusion-title-text fusion-title-size-one\" style=\"--awb-text-color:var(--awb-color8);--awb-margin-top-small:12px;--awb-margin-right-small:0px;--awb-margin-bottom-small:24px;--awb-margin-left-small:0px;--awb-font-size:40px;\"><h1 class=\"fusion-title-heading title-heading-left fusion-responsive-typography-calculated\" style=\"font-family:var(--awb-custom_typography_5-font-family);font-weight:var(--awb-custom_typography_5-font-weight);font-style:var(--awb-custom_typography_5-font-style);margin:0;letter-spacing:var(--awb-custom_typography_5-letter-spacing);font-size:1em;--fontSize:40;line-height:var(--awb-custom_typography_5-line-height);\">Cookies policy<\/h1><\/div><div class=\"fusion-text fusion-text-2\"><p>Hiptown may install cookies on your equipment when you visit the website and may use cookies on e-mails sent to you.<\/p>\n<p>The purpose of this Cookie Policy is to provide you with information about the various cookies we use, their purposes and your rights, particularly with regard to setting them.<\/p>\n<p>Cookies are used on the website and temporarily stored on the user&#8217;s computer terminal, such as computers, tablets and\/or smartphones, to facilitate navigation and optimize the quality of the website. These cookies may be refused by the user, subject to the choices and options that the user may express at any time. <\/p>\n<p>The cookies used on this website may be set either by our website or by a third-party site. These cookies may be session or persistent: a session cookie is one that is automatically deleted when the user closes the browser, whereas a persistent cookie remains stored on the user&#8217;s computer until its expiry date. <\/p>\n<p>The cookies used on the website have a maximum lifetime of 12 months.<\/p>\n<\/div><div class=\"fusion-title title fusion-title-2 fusion-sep-none fusion-title-text fusion-title-size-two\" style=\"--awb-text-color:var(--awb-color3);--awb-margin-top-small:12px;--awb-margin-right-small:0px;--awb-margin-bottom-small:24px;--awb-margin-left-small:0px;--awb-font-size:32px;\"><h2 class=\"fusion-title-heading title-heading-left fusion-responsive-typography-calculated\" style=\"font-family:var(--awb-typography1-font-family);font-weight:var(--awb-typography1-font-weight);font-style:var(--awb-typography1-font-style);margin:0;letter-spacing:var(--awb-typography1-letter-spacing);font-size:1em;--fontSize:32;line-height:var(--awb-typography1-line-height);\">CATEGORIES<\/h2><\/div><div class=\"fusion-text fusion-text-3\"><p>We use certain types of cookies on this website:<\/p>\n<p>Mandatory technical and session cookies :<\/p>\n<p>These cookies are essential for browsing our website and taking full advantage of its features, such as access to certain secure web pages. Without these cookies, some of the services you request cannot be provided. <\/p>\n<p>Functional and performance cookies :<\/p>\n<p>These cookies enable the website to save your settings choices in order to provide you with enhanced and more personal functionality. These cookies may also be used to remember changes you have made to text size, font and other parts of web pages that you have customized. They may also be used to provide you with certain services that you have requested, such as watching a video.  <\/p>\n<p>These cookies cannot track your browsing activity on other websites and do not collect any information about you that could be used for advertising purposes.<\/p>\n<p>Audience measurement cookies :<\/p>\n<p>These cookies are used to collect information about how visitors use our website, such as the pages most frequently visited or the appearance of error messages on certain pages. All information gathered through these cookies is anonymized, and collected for the sole purpose of developing and tracking traffic patterns on our website in order to improve the way it operates. <\/p>\n<p>This information is used exclusively by Hiptown and is not shared with third parties.<\/p>\n<\/div><div class=\"fusion-title title fusion-title-3 fusion-sep-none fusion-title-text fusion-title-size-two\" style=\"--awb-text-color:var(--awb-color3);--awb-margin-top-small:12px;--awb-margin-right-small:0px;--awb-margin-bottom-small:24px;--awb-margin-left-small:0px;--awb-font-size:32px;\"><h2 class=\"fusion-title-heading title-heading-left fusion-responsive-typography-calculated\" style=\"font-family:var(--awb-typography1-font-family);font-weight:var(--awb-typography1-font-weight);font-style:var(--awb-typography1-font-style);margin:0;letter-spacing:var(--awb-typography1-letter-spacing);font-size:1em;--fontSize:32;line-height:var(--awb-typography1-line-height);\">USE<\/h2><\/div><div class=\"fusion-text fusion-text-4\"><p>Cookies deposited or used may result in the collection of personal data, in particular identification (IP address), connection, acceptance, identity and contact data.<\/p>\n<p>Third-party social media sites may collect certain information (such as IP address, browser type, language used, or time of access) if you are connected to these sites while browsing our website. These websites may also link this collected information with your profile information available on their own site. We do not control these third-party tracking technologies, so we recommend that you read the terms of use and privacy policy of these third-party sites before using them.  <\/p>\n<p>Other cookies may collect Personal Data (including information from cookies placed by our advertising links on third-party sites):<\/p>\n<p>If a user is a registered user;<br \/>\nIf we send you a targeted e-mail containing web beacons, cookies or similar technologies, we will know whether you open, read or delete this message.<\/p>\n<\/div><div class=\"fusion-title title fusion-title-4 fusion-sep-none fusion-title-text fusion-title-size-two\" style=\"--awb-text-color:var(--awb-color3);--awb-margin-top-small:12px;--awb-margin-right-small:0px;--awb-margin-bottom-small:24px;--awb-margin-left-small:0px;--awb-font-size:32px;\"><h2 class=\"fusion-title-heading title-heading-left fusion-responsive-typography-calculated\" style=\"font-family:var(--awb-typography1-font-family);font-weight:var(--awb-typography1-font-weight);font-style:var(--awb-typography1-font-style);margin:0;letter-spacing:var(--awb-typography1-letter-spacing);font-size:1em;--fontSize:32;line-height:var(--awb-typography1-line-height);\">OTHER FOLLOW-UP<\/h2><\/div><div class=\"fusion-text fusion-text-5\"><p>Hiptown also uses technologies substantially similar to cookies, such as web beacons or any other technology that may appear in advertising e-mails or newsletters, in order to determine whether these messages have been consulted or whether you have clicked on the links they contain. Internet tags do not deposit any data on your computer, but can be used alongside cookies to analyze site browsing activity.<\/p>\n<\/div><div class=\"fusion-title title fusion-title-5 fusion-sep-none fusion-title-text fusion-title-size-two\" style=\"--awb-text-color:var(--awb-color3);--awb-margin-top-small:12px;--awb-margin-right-small:0px;--awb-margin-bottom-small:24px;--awb-margin-left-small:0px;--awb-font-size:32px;\"><h2 class=\"fusion-title-heading title-heading-left fusion-responsive-typography-calculated\" style=\"font-family:var(--awb-typography1-font-family);font-weight:var(--awb-typography1-font-weight);font-style:var(--awb-typography1-font-style);margin:0;letter-spacing:var(--awb-typography1-letter-spacing);font-size:1em;--fontSize:32;line-height:var(--awb-typography1-line-height);\">ACCEPT OR DECLINE COOKIES<\/h2><\/div><div class=\"fusion-text fusion-text-6\"><p>Hiptown allows you to manage and set your cookies, and to accept or reject some or all of them.<\/p>\n<p>Please note that deactivating cookies may result in the alteration or loss of certain settings or information. Deleting cookies may alter or even make it difficult to navigate the website. <\/p>\n<p>In order to allow you continuous access to your cookie settings and full control over the data collected, Hiptown provides you with a tool to manage your consents by clicking below:<\/p>\n<\/div><div class=\"fusion-text fusion-text-7\"><p>If you do not wish to receive cookies from our website, you can also configure your browser. To do this, please follow the appropriate instructions below for your browser: <\/p>\n<p>If you&#8217;re using Internet Explorer<br \/>\nSelect the &#8220;Tools&#8221; menu, then &#8220;Internet Options&#8221;.<br \/>\nClick on the &#8220;Confidentiality&#8221; tab.<br \/>\nUse the cursor to select the desired level.<br \/>\nIf you use Firefox<br \/>\nChoose &#8220;Tools&#8221; &gt; &#8220;Options&#8221;.<br \/>\nClick on the &#8220;Privacy&#8221; option.<br \/>\nIf you use the Safari browser<br \/>\nSelect the &#8220;Editions&#8221; menu.<br \/>\nClick on the &#8220;Preferences&#8221; option.<br \/>\nClick on the &#8220;Security&#8221; option.<br \/>\nClick on &#8220;Show cookies&#8221;.<br \/>\nIf you use the Google Chrome browser<br \/>\nOn your computer, open Chrome.<br \/>\nIn the top right-hand corner, click on &#8220;More Settings&#8221;.<br \/>\nUnder &#8220;Privacy and security&#8221;, click on &#8220;Cookies and other site data&#8221;.<br \/>\nClick on &#8220;Show all cookies and site data&#8221;.<br \/>\nConfirm deletion by clicking on &#8220;Delete all&#8221;.<\/p>\n<\/div><div class=\"fusion-title title fusion-title-6 fusion-sep-none fusion-title-text fusion-title-size-two\" style=\"--awb-text-color:var(--awb-color3);--awb-margin-top-small:12px;--awb-margin-right-small:0px;--awb-margin-bottom-small:24px;--awb-margin-left-small:0px;--awb-font-size:32px;\"><h2 class=\"fusion-title-heading title-heading-left fusion-responsive-typography-calculated\" style=\"font-family:var(--awb-typography1-font-family);font-weight:var(--awb-typography1-font-weight);font-style:var(--awb-typography1-font-style);margin:0;letter-spacing:var(--awb-typography1-letter-spacing);font-size:1em;--fontSize:32;line-height:var(--awb-typography1-line-height);\">EVOLUTION<\/h2><\/div><div class=\"fusion-text fusion-text-8\"><p>The present Policy was updated on 21\/06\/2021.<\/p>\n<p>It may be modified at any time in the event of changes in legislation, case law or CNIL recommendations.<\/p>\n<\/div><\/div><\/div><\/div><\/div>\n","protected":false},"excerpt":{"rendered":"","protected":false},"author":1,"featured_media":0,"parent":26786,"menu_order":2,"comment_status":"closed","ping_status":"closed","template":"","meta":{"_acf_changed":false,"footnotes":""},"class_list":["post-27319","page","type-page","status-publish","hentry"],"acf":[],"yoast_head":"<!-- This site is optimized with the Yoast SEO plugin v27.4 - https:\/\/yoast.com\/product\/yoast-seo-wordpress\/ -->\n<title>Cookie Policy - Hiptown Bureaux \u00e0 Louer<\/title>\n<meta name=\"robots\" content=\"index, follow, max-snippet:-1, max-image-preview:large, max-video-preview:-1\" \/>\n<link rel=\"canonical\" href=\"https:\/\/hiptown.com\/en\/appendix-legal\/cookie-policy\/\" \/>\n<meta property=\"og:locale\" content=\"en_US\" \/>\n<meta property=\"og:type\" content=\"article\" \/>\n<meta property=\"og:title\" content=\"Cookie Policy - Hiptown Bureaux \u00e0 Louer\" \/>\n<meta property=\"og:url\" content=\"https:\/\/hiptown.com\/en\/appendix-legal\/cookie-policy\/\" \/>\n<meta property=\"og:site_name\" content=\"Hiptown Bureaux \u00e0 Louer\" \/>\n<meta property=\"article:publisher\" content=\"https:\/\/www.facebook.com\/hiptownlovesyou\/\" \/>\n<meta property=\"article:modified_time\" content=\"2025-10-17T09:45:59+00:00\" \/>\n<meta property=\"og:image\" content=\"https:\/\/hiptown.com\/wp-content\/uploads\/sites\/6\/2023\/09\/Hiptown-Location-de-bureaux.jpg\" \/>\n\t<meta property=\"og:image:width\" content=\"1200\" \/>\n\t<meta property=\"og:image:height\" content=\"675\" \/>\n\t<meta property=\"og:image:type\" content=\"image\/jpeg\" \/>\n<meta name=\"twitter:card\" content=\"summary_large_image\" \/>\n<meta name=\"twitter:site\" content=\"@hiptownlovesyou\" \/>\n<meta name=\"twitter:label1\" content=\"Est. reading time\" \/>\n\t<meta name=\"twitter:data1\" content=\"19 minutes\" \/>\n<script type=\"application\/ld+json\" class=\"yoast-schema-graph\">{\"@context\":\"https:\\\/\\\/schema.org\",\"@graph\":[{\"@type\":\"WebPage\",\"@id\":\"https:\\\/\\\/hiptown.com\\\/en\\\/appendix-legal\\\/cookie-policy\\\/\",\"url\":\"https:\\\/\\\/hiptown.com\\\/en\\\/appendix-legal\\\/cookie-policy\\\/\",\"name\":\"Cookie Policy - Hiptown Bureaux \u00e0 Louer\",\"isPartOf\":{\"@id\":\"https:\\\/\\\/hiptown.com\\\/en\\\/#website\"},\"datePublished\":\"2022-08-03T11:42:27+00:00\",\"dateModified\":\"2025-10-17T09:45:59+00:00\",\"breadcrumb\":{\"@id\":\"https:\\\/\\\/hiptown.com\\\/en\\\/appendix-legal\\\/cookie-policy\\\/#breadcrumb\"},\"inLanguage\":\"en-US\",\"potentialAction\":[{\"@type\":\"ReadAction\",\"target\":[\"https:\\\/\\\/hiptown.com\\\/en\\\/appendix-legal\\\/cookie-policy\\\/\"]}]},{\"@type\":\"BreadcrumbList\",\"@id\":\"https:\\\/\\\/hiptown.com\\\/en\\\/appendix-legal\\\/cookie-policy\\\/#breadcrumb\",\"itemListElement\":[{\"@type\":\"ListItem\",\"position\":1,\"name\":\"Home\",\"item\":\"https:\\\/\\\/hiptown.com\\\/en\\\/\"},{\"@type\":\"ListItem\",\"position\":2,\"name\":\"Appendix \\\/ Legal\",\"item\":\"https:\\\/\\\/hiptown.com\\\/en\\\/appendix-legal\\\/\"},{\"@type\":\"ListItem\",\"position\":3,\"name\":\"Cookie Policy\"}]},{\"@type\":\"WebSite\",\"@id\":\"https:\\\/\\\/hiptown.com\\\/en\\\/#website\",\"url\":\"https:\\\/\\\/hiptown.com\\\/en\\\/\",\"name\":\"Hiptown Coworking et bureau flexibles et op\u00e9r\u00e9\",\"description\":\"Coworking, Bureaux flexibles et op\u00e9r\u00e9s cl\u00e9 en main. Partout en France.\",\"publisher\":{\"@id\":\"https:\\\/\\\/hiptown.com\\\/en\\\/#organization\"},\"alternateName\":\"Hiptown bureaux \u00e0 louer\",\"potentialAction\":[{\"@type\":\"SearchAction\",\"target\":{\"@type\":\"EntryPoint\",\"urlTemplate\":\"https:\\\/\\\/hiptown.com\\\/en\\\/?s={search_term_string}\"},\"query-input\":{\"@type\":\"PropertyValueSpecification\",\"valueRequired\":true,\"valueName\":\"search_term_string\"}}],\"inLanguage\":\"en-US\"},{\"@type\":\"Organization\",\"@id\":\"https:\\\/\\\/hiptown.com\\\/en\\\/#organization\",\"name\":\"Hiptown Coworking et bureau \u00e0 louer ou op\u00e9r\u00e9\",\"alternateName\":\"Hiptown bureaux \u00e0 louer\",\"url\":\"https:\\\/\\\/hiptown.com\\\/en\\\/\",\"logo\":{\"@type\":\"ImageObject\",\"inLanguage\":\"en-US\",\"@id\":\"https:\\\/\\\/hiptown.com\\\/en\\\/#\\\/schema\\\/logo\\\/image\\\/\",\"url\":\"https:\\\/\\\/hiptown.com\\\/wp-content\\\/uploads\\\/sites\\\/6\\\/2022\\\/07\\\/hiptown_logo-xs.svg\",\"contentUrl\":\"https:\\\/\\\/hiptown.com\\\/wp-content\\\/uploads\\\/sites\\\/6\\\/2022\\\/07\\\/hiptown_logo-xs.svg\",\"width\":98,\"height\":75,\"caption\":\"Hiptown Coworking et bureau \u00e0 louer ou op\u00e9r\u00e9\"},\"image\":{\"@id\":\"https:\\\/\\\/hiptown.com\\\/en\\\/#\\\/schema\\\/logo\\\/image\\\/\"},\"sameAs\":[\"https:\\\/\\\/www.facebook.com\\\/hiptownlovesyou\\\/\",\"https:\\\/\\\/x.com\\\/hiptownlovesyou\",\"https:\\\/\\\/www.instagram.com\\\/hiptownlovesyou\\\/\",\"https:\\\/\\\/fr.linkedin.com\\\/company\\\/hiptown\",\"https:\\\/\\\/www.youtube.com\\\/channel\\\/UCNtbRT8HkE3s0F0AMaxX9VQ\"]}]}<\/script>\n<!-- \/ Yoast SEO plugin. -->","yoast_head_json":{"title":"Cookie Policy - Hiptown Bureaux \u00e0 Louer","robots":{"index":"index","follow":"follow","max-snippet":"max-snippet:-1","max-image-preview":"max-image-preview:large","max-video-preview":"max-video-preview:-1"},"canonical":"https:\/\/hiptown.com\/en\/appendix-legal\/cookie-policy\/","og_locale":"en_US","og_type":"article","og_title":"Cookie Policy - Hiptown Bureaux \u00e0 Louer","og_url":"https:\/\/hiptown.com\/en\/appendix-legal\/cookie-policy\/","og_site_name":"Hiptown Bureaux \u00e0 Louer","article_publisher":"https:\/\/www.facebook.com\/hiptownlovesyou\/","article_modified_time":"2025-10-17T09:45:59+00:00","og_image":[{"width":1200,"height":675,"url":"https:\/\/hiptown.com\/wp-content\/uploads\/sites\/6\/2023\/09\/Hiptown-Location-de-bureaux.jpg","type":"image\/jpeg"}],"twitter_card":"summary_large_image","twitter_site":"@hiptownlovesyou","twitter_misc":{"Est. reading time":"19 minutes"},"schema":{"@context":"https:\/\/schema.org","@graph":[{"@type":"WebPage","@id":"https:\/\/hiptown.com\/en\/appendix-legal\/cookie-policy\/","url":"https:\/\/hiptown.com\/en\/appendix-legal\/cookie-policy\/","name":"Cookie Policy - Hiptown Bureaux \u00e0 Louer","isPartOf":{"@id":"https:\/\/hiptown.com\/en\/#website"},"datePublished":"2022-08-03T11:42:27+00:00","dateModified":"2025-10-17T09:45:59+00:00","breadcrumb":{"@id":"https:\/\/hiptown.com\/en\/appendix-legal\/cookie-policy\/#breadcrumb"},"inLanguage":"en-US","potentialAction":[{"@type":"ReadAction","target":["https:\/\/hiptown.com\/en\/appendix-legal\/cookie-policy\/"]}]},{"@type":"BreadcrumbList","@id":"https:\/\/hiptown.com\/en\/appendix-legal\/cookie-policy\/#breadcrumb","itemListElement":[{"@type":"ListItem","position":1,"name":"Home","item":"https:\/\/hiptown.com\/en\/"},{"@type":"ListItem","position":2,"name":"Appendix \/ Legal","item":"https:\/\/hiptown.com\/en\/appendix-legal\/"},{"@type":"ListItem","position":3,"name":"Cookie Policy"}]},{"@type":"WebSite","@id":"https:\/\/hiptown.com\/en\/#website","url":"https:\/\/hiptown.com\/en\/","name":"Hiptown Coworking et bureau flexibles et op\u00e9r\u00e9","description":"Coworking, Bureaux flexibles et op\u00e9r\u00e9s cl\u00e9 en main. Partout en France.","publisher":{"@id":"https:\/\/hiptown.com\/en\/#organization"},"alternateName":"Hiptown bureaux \u00e0 louer","potentialAction":[{"@type":"SearchAction","target":{"@type":"EntryPoint","urlTemplate":"https:\/\/hiptown.com\/en\/?s={search_term_string}"},"query-input":{"@type":"PropertyValueSpecification","valueRequired":true,"valueName":"search_term_string"}}],"inLanguage":"en-US"},{"@type":"Organization","@id":"https:\/\/hiptown.com\/en\/#organization","name":"Hiptown Coworking et bureau \u00e0 louer ou op\u00e9r\u00e9","alternateName":"Hiptown bureaux \u00e0 louer","url":"https:\/\/hiptown.com\/en\/","logo":{"@type":"ImageObject","inLanguage":"en-US","@id":"https:\/\/hiptown.com\/en\/#\/schema\/logo\/image\/","url":"https:\/\/hiptown.com\/wp-content\/uploads\/sites\/6\/2022\/07\/hiptown_logo-xs.svg","contentUrl":"https:\/\/hiptown.com\/wp-content\/uploads\/sites\/6\/2022\/07\/hiptown_logo-xs.svg","width":98,"height":75,"caption":"Hiptown Coworking et bureau \u00e0 louer ou op\u00e9r\u00e9"},"image":{"@id":"https:\/\/hiptown.com\/en\/#\/schema\/logo\/image\/"},"sameAs":["https:\/\/www.facebook.com\/hiptownlovesyou\/","https:\/\/x.com\/hiptownlovesyou","https:\/\/www.instagram.com\/hiptownlovesyou\/","https:\/\/fr.linkedin.com\/company\/hiptown","https:\/\/www.youtube.com\/channel\/UCNtbRT8HkE3s0F0AMaxX9VQ"]}]}},"_links":{"self":[{"href":"https:\/\/hiptown.com\/en\/wp-json\/wp\/v2\/pages\/27319","targetHints":{"allow":["GET"]}}],"collection":[{"href":"https:\/\/hiptown.com\/en\/wp-json\/wp\/v2\/pages"}],"about":[{"href":"https:\/\/hiptown.com\/en\/wp-json\/wp\/v2\/types\/page"}],"author":[{"embeddable":true,"href":"https:\/\/hiptown.com\/en\/wp-json\/wp\/v2\/users\/1"}],"replies":[{"embeddable":true,"href":"https:\/\/hiptown.com\/en\/wp-json\/wp\/v2\/comments?post=27319"}],"version-history":[{"count":1,"href":"https:\/\/hiptown.com\/en\/wp-json\/wp\/v2\/pages\/27319\/revisions"}],"predecessor-version":[{"id":27322,"href":"https:\/\/hiptown.com\/en\/wp-json\/wp\/v2\/pages\/27319\/revisions\/27322"}],"up":[{"embeddable":true,"href":"https:\/\/hiptown.com\/en\/wp-json\/wp\/v2\/pages\/26786"}],"wp:attachment":[{"href":"https:\/\/hiptown.com\/en\/wp-json\/wp\/v2\/media?parent=27319"}],"curies":[{"name":"wp","href":"https:\/\/api.w.org\/{rel}","templated":true}]}}